{"id":1494,"date":"2026-03-02T13:51:47","date_gmt":"2026-03-02T13:51:47","guid":{"rendered":"https:\/\/neuerasolutions.com\/?page_id=1494"},"modified":"2026-03-16T22:39:48","modified_gmt":"2026-03-16T22:39:48","slug":"ahmed-khaled","status":"publish","type":"page","link":"https:\/\/neuerasolutions.com\/de\/team\/ahmed-khaled\/","title":{"rendered":"Ahmed Khaled"},"content":{"rendered":"<div data-elementor-type=\"wp-page\" data-elementor-id=\"1494\" class=\"elementor elementor-1494\" data-elementor-post-type=\"page\">\n\t\t\t\t\t\t<section class=\"elementor-section elementor-top-section elementor-element elementor-element-86a698c elementor-section-full_width elementor-section-height-default elementor-section-height-default\" data-id=\"86a698c\" data-element_type=\"section\" data-e-type=\"section\">\n\t\t\t\t\t\t<div class=\"elementor-container elementor-column-gap-no\">\n\t\t\t\t\t<div class=\"elementor-column elementor-col-100 elementor-top-column elementor-element elementor-element-f7b1c31\" data-id=\"f7b1c31\" data-element_type=\"column\" data-e-type=\"column\">\n\t\t\t<div class=\"elementor-widget-wrap elementor-element-populated\">\n\t\t\t\t\t\t<div class=\"elementor-element elementor-element-2fc28d5 elementor-widget elementor-widget-tp-team-details\" data-id=\"2fc28d5\" data-element_type=\"widget\" data-e-type=\"widget\" data-widget_type=\"tp-team-details.default\">\n\t\t\t\t<div class=\"elementor-widget-container\">\n\t\t\t\t\t        \r\n\r\n\r\n<section class=\"tp-team-details-area p-relative pt-120 pb-90\">\r\n                        <div class=\"tp-team-details-shape\">\r\n               <img decoding=\"async\" class=\"shape-1\" src=\"https:\/\/neuerasolutions.com\/wp-content\/themes\/technix\/assets\/img\/team\/details\/shape-1.png\" alt=\"\">\r\n               <img decoding=\"async\" class=\"shape-2\" src=\"https:\/\/neuerasolutions.com\/wp-content\/themes\/technix\/assets\/img\/team\/details\/shape-2.png\" alt=\"\">\r\n            <\/div>\r\n                        <div class=\"container\">\r\n               <div class=\"row\">\r\n                  <div class=\"col-lg-4\">\r\n                     <div class=\"tp-team-details-thumb p-relative text-center fadeLeft\">\r\n                                                 <img decoding=\"async\" src=\"https:\/\/neuerasolutions.com\/wp-content\/uploads\/2026\/03\/khaled.png\" alt=\"\">\r\n                                                   <div class=\"social text-center\">\r\n                              <a target=\"_blank\" rel=\"noopener\"  href=\"https:\/\/www.linkedin.com\/in\/ahmed-khaled-3a35b5183?utm_source=share_via&#038;utm_content=profile&#038;utm_medium=member_ios\" class=\"elementor-repeater-item-3f0b2ee\"><i class=\"fab fa-linkedin-in\" aria-hidden=\"true\"><\/i><\/a>                           <\/div>\r\n                     <\/div>\r\n                  <\/div>\r\n                  <div class=\"col-lg-8\">\r\n                     <div class=\"tp-team-details-wrapper fadeRight\">\r\n                        <div class=\"row\">\r\n                           <div class=\"col-lg-6\">\r\n                              <div class=\"tp-team-detials-designation-wrapper\">\r\n                                 <div class=\"tp-team-details-designation-content\">\r\n                                                                            <h4 class=\"tp-team-details-designation-title\">Ahmed Khaled<\/h4>\r\n                                                                                                            <p class=\"tp-team-details-designation\">Betriebsleiter \/ \u00c4gypten<\/p>\r\n                                                                        <div class=\"tp-team-details-meta d-flex\">\r\n                                       <div class=\"tp-team-details-meta-thumb\">\r\n                                          \r\n                                                                                                                                                                         <\/div>\r\n                                                                                   <p>Egypt \/Age :  years <\/p>\r\n                                                                            <\/div>\r\n                                 <\/div>\r\n                              <\/div>\r\n                           <\/div>\r\n                                                      <div class=\"col-lg-6\">\r\n                              <div class=\"tp-team-details-rating d-flex\">\r\n                                                                  <span>\r\n                                       <i class=\"fa-solid fa-star-sharp\"><\/i>\r\n                                    <\/span>\r\n                                                                        <span>\r\n                                       <i class=\"fa-solid fa-star-sharp\"><\/i>\r\n                                    <\/span>\r\n                                                                        <span>\r\n                                       <i class=\"fa-solid fa-star-sharp\"><\/i>\r\n                                    <\/span>\r\n                                                                        <span>\r\n                                       <i class=\"fa-solid fa-star-sharp\"><\/i>\r\n                                    <\/span>\r\n                                                                                                      <\/div>\r\n                           <\/div>\r\n                                                   <\/div>\r\n                                                <div class=\"tp-team-details-info\">\r\n                           <p><!-- Job Title -->\n<p class=\"member-position\">\n  Betriebsleiter\n<\/p>\n\n<!-- Bio -->\n<p class=\"member-bio\">\n  Ahmed Khaled ist ein \u00e4u\u00dferst erfahrener Operations Manager mit umfassender Expertise in der F\u00fchrung gro\u00dfer Teams, der Leistungsoptimierung und der Steigerung \n  <strong>der operativen Exzellenz .<\/strong> Bekannt f\u00fcr sein \n  <strong>strategisches Denken ,<\/strong>seine starke F\u00fchrungspers\u00f6nlichkeit und \n  <strong>seine datenbasierte Entscheidungsfindung<\/strong> , erzielt er kontinuierlich messbare Verbesserungen in den Bereichen Servicequalit\u00e4t, Effizienz und Kundenerlebnis. Dank seiner langj\u00e4hrigen Karriere, die Qualit\u00e4tsanalyse, Schulung, Mitarbeiterf\u00fchrung und operative Gesamtleitung umfasst, verf\u00fcgt Ahmed \u00fcber ein \n  <strong>umfassendes Verst\u00e4ndnis f\u00fcr operativen Erfolg.<\/strong>\n<\/p>\n\n<!-- Core Expertise -->\n<div class=\"member-section\">\n  <h5 class=\"member-section-title\">Kernkompetenz und Wirkung<\/h5>\n  <ul class=\"member-list\">\n    <li><strong>End-to-End-Operations:<\/strong> F\u00fchrt mit voller strategischer und operativer Verantwortung \u00fcber alle Servicebereiche hinweg.<\/li>\n    <li><strong>Leistungsorientierte F\u00fchrung:<\/strong> F\u00f6rdert die t\u00e4gliche Servicequalit\u00e4t, Effizienzsteigerungen und die Verantwortlichkeit des Teams.<\/li>\n    <li><strong>Teamentwicklung:<\/strong> Entwickelt und leitet mehrere Teams und gew\u00e4hrleistet so eine hohe Produktivit\u00e4t und kontinuierliches Wachstum.<\/li>\n    <li><strong>Kundenbeziehungen:<\/strong> Fungiert als Hauptansprechpartner f\u00fcr den Kunden und stellt sicher, dass die Service-Level-Agreements (SLAs) und die Key Performance Indicators (KPIs) jederzeit eingehalten werden.<\/li>\n    <li><strong>KPI-Architektur:<\/strong> Entwirft und optimiert KPIs f\u00fcr volle Transparenz und messbaren Erfolg.<\/li>\n    <li><strong>Datengest\u00fctzte Entscheidungen:<\/strong> Setzt Dateneinblicke in gezielte, umsetzbare Leistungsverbesserungen um.<\/li>\n    <li><strong>Gewinn- und Verlustrechnung:<\/strong> Verantwortlich f\u00fcr die komplette Budgetplanung, Kostenkontrolle und Umsatzoptimierung.<\/li>\n    <li><strong>Reporting f\u00fcr die Gesch\u00e4ftsleitung:<\/strong> Liefert der F\u00fchrungsebene aussagekr\u00e4ftige Gesch\u00e4ftseinblicke und Leistungsberichte.<\/li>\n    <li><strong>Risikomanagement:<\/strong> Identifiziert Risiken und Chancen \u2013 und setzt proaktive strategische L\u00f6sungen um.<\/li>\n    <li><strong>Kultur der Exzellenz:<\/strong> Schafft ein Umfeld kontinuierlicher Verbesserung, Engagement und Verantwortlichkeit.<\/li>\n    <li><strong>Governance &amp; Compliance:<\/strong> Gew\u00e4hrleistet die vollst\u00e4ndige Einhaltung der Corporate Governance und der internen Standards.<\/li>\n  <\/ul>\n<\/div>\n<\/p>\r\n                        <\/div>\r\n                        \r\n\r\n                        <div class=\"tp-team-details-list\">\r\n                                                            <p class=\"list-title\">F\u00fchrungs- und operative F\u00e4higkeiten<\/p>\r\n                                                       <ul>\r\n                                                         <li>\r\n                                <span><svg width=\"16\" height=\"15\" viewbox=\"0 0 16 15\" fill=\"none\" xmlns=\"http:\/\/www.w3.org\/2000\/svg\">\r\n                                 <path d=\"M15.794 2.17595C14.426 3.42395 13.094 4.87595 11.798 6.53195C10.67 7.95995 9.656 9.42395 8.756 10.924C7.94 12.268 7.346 13.42 6.974 14.38C6.962 14.416 6.938 14.446 6.902 14.47C6.866 14.506 6.824 14.524 6.776 14.524C6.764 14.536 6.752 14.542 6.74 14.542C6.656 14.542 6.596 14.518 6.56 14.47L0.134 7.93595C0.122 7.92395 0.278 7.76795 0.602 7.46795C0.926 7.15595 1.244 6.87395 1.556 6.62195C1.904 6.33395 2.09 6.20195 2.114 6.22595L5.642 8.99795C6.674 7.78595 7.832 6.58595 9.116 5.39795C11.048 3.62195 13.04 2.10995 15.092 0.861953C15.128 0.861953 15.266 1.02995 15.506 1.36595L15.866 1.88795C15.878 1.93595 15.878 1.98995 15.866 2.04995C15.854 2.09795 15.83 2.13995 15.794 2.17595Z\" fill=\"currentColor\"><\/path>\r\n                              <\/svg><\/span>Operationsmanagement \u2013 \u200b\u200bUmfassende Verantwortung f\u00fcr gro\u00df angelegte Betriebsabl\u00e4ufe, Teamleistung und exzellente Servicequalit\u00e4t.\n\n                            <\/li>\r\n                                                          <li>\r\n                                <span><svg width=\"16\" height=\"15\" viewbox=\"0 0 16 15\" fill=\"none\" xmlns=\"http:\/\/www.w3.org\/2000\/svg\">\r\n                                 <path d=\"M15.794 2.17595C14.426 3.42395 13.094 4.87595 11.798 6.53195C10.67 7.95995 9.656 9.42395 8.756 10.924C7.94 12.268 7.346 13.42 6.974 14.38C6.962 14.416 6.938 14.446 6.902 14.47C6.866 14.506 6.824 14.524 6.776 14.524C6.764 14.536 6.752 14.542 6.74 14.542C6.656 14.542 6.596 14.518 6.56 14.47L0.134 7.93595C0.122 7.92395 0.278 7.76795 0.602 7.46795C0.926 7.15595 1.244 6.87395 1.556 6.62195C1.904 6.33395 2.09 6.20195 2.114 6.22595L5.642 8.99795C6.674 7.78595 7.832 6.58595 9.116 5.39795C11.048 3.62195 13.04 2.10995 15.092 0.861953C15.128 0.861953 15.266 1.02995 15.506 1.36595L15.866 1.88795C15.878 1.93595 15.878 1.98995 15.866 2.04995C15.854 2.09795 15.83 2.13995 15.794 2.17595Z\" fill=\"currentColor\"><\/path>\r\n                              <\/svg><\/span>Gewinn- und Verlustrechnung &amp; Finanzkontrolle \u2013 Umfassendes Budgetmanagement, Kostenoptimierung und Umsatzwachstum \u00fcber alle operativen Gesch\u00e4ftsbereiche hinweg.\n\n                            <\/li>\r\n                                                          <li>\r\n                                <span><svg width=\"16\" height=\"15\" viewbox=\"0 0 16 15\" fill=\"none\" xmlns=\"http:\/\/www.w3.org\/2000\/svg\">\r\n                                 <path d=\"M15.794 2.17595C14.426 3.42395 13.094 4.87595 11.798 6.53195C10.67 7.95995 9.656 9.42395 8.756 10.924C7.94 12.268 7.346 13.42 6.974 14.38C6.962 14.416 6.938 14.446 6.902 14.47C6.866 14.506 6.824 14.524 6.776 14.524C6.764 14.536 6.752 14.542 6.74 14.542C6.656 14.542 6.596 14.518 6.56 14.47L0.134 7.93595C0.122 7.92395 0.278 7.76795 0.602 7.46795C0.926 7.15595 1.244 6.87395 1.556 6.62195C1.904 6.33395 2.09 6.20195 2.114 6.22595L5.642 8.99795C6.674 7.78595 7.832 6.58595 9.116 5.39795C11.048 3.62195 13.04 2.10995 15.092 0.861953C15.128 0.861953 15.266 1.02995 15.506 1.36595L15.866 1.88795C15.878 1.93595 15.878 1.98995 15.866 2.04995C15.854 2.09795 15.83 2.13995 15.794 2.17595Z\" fill=\"currentColor\"><\/path>\r\n                              <\/svg><\/span>Kunden- und SLA-Management \u2013 \u200b\u200bHauptansprechpartner f\u00fcr den Kunden, um eine kontinuierliche Erreichung der KPIs und die Einhaltung der Service-Level-Vereinbarungen sicherzustellen.\n\n                            <\/li>\r\n                                                          <li>\r\n                                <span><svg width=\"16\" height=\"15\" viewbox=\"0 0 16 15\" fill=\"none\" xmlns=\"http:\/\/www.w3.org\/2000\/svg\">\r\n                                 <path d=\"M15.794 2.17595C14.426 3.42395 13.094 4.87595 11.798 6.53195C10.67 7.95995 9.656 9.42395 8.756 10.924C7.94 12.268 7.346 13.42 6.974 14.38C6.962 14.416 6.938 14.446 6.902 14.47C6.866 14.506 6.824 14.524 6.776 14.524C6.764 14.536 6.752 14.542 6.74 14.542C6.656 14.542 6.596 14.518 6.56 14.47L0.134 7.93595C0.122 7.92395 0.278 7.76795 0.602 7.46795C0.926 7.15595 1.244 6.87395 1.556 6.62195C1.904 6.33395 2.09 6.20195 2.114 6.22595L5.642 8.99795C6.674 7.78595 7.832 6.58595 9.116 5.39795C11.048 3.62195 13.04 2.10995 15.092 0.861953C15.128 0.861953 15.266 1.02995 15.506 1.36595L15.866 1.88795C15.878 1.93595 15.878 1.98995 15.866 2.04995C15.854 2.09795 15.83 2.13995 15.794 2.17595Z\" fill=\"currentColor\"><\/path>\r\n                              <\/svg><\/span>Datengetriebene F\u00fchrung \u2013 \u00dcbersetzung von Leistungsanalysen in zielgerichtete Strategien, die messbare Gesch\u00e4ftsergebnisse erzielen.\n\n                            <\/li>\r\n                                                       <\/ul>\r\n                          \r\n                         \r\n                        <\/div>\r\n                        \r\n                     <\/div>\r\n                  <\/div>\r\n               <\/div>\r\n            <\/div>\r\n         <\/section>\r\n\r\n\r\n\t\t\t\t<\/div>\n\t\t\t\t<\/div>\n\t\t\t\t<div class=\"elementor-element elementor-element-91ce0e4 elementor-widget elementor-widget-tp-cta\" data-id=\"91ce0e4\" data-element_type=\"widget\" data-e-type=\"widget\" data-widget_type=\"tp-cta.default\">\n\t\t\t\t<div class=\"elementor-widget-container\">\n\t\t\t\t\t\r\n      <div class=\"tp-cta-4-area p-relative ele-section\">\r\n         <div class=\"tp-cta-4-shape\">\r\n            <img decoding=\"async\" src=\"https:\/\/neuerasolutions.com\/wp-content\/themes\/technix\/assets\/img\/cta\/home-3\/shape-2.png\" alt=\"\">\r\n         <\/div>\r\n         <div class=\"container\">\r\n            <div class=\"row gx-0\">\r\n               <div class=\"col-xl-6\">\r\n                  <div class=\"tp-cta-4-wrapper-left\">\r\n                     <img decoding=\"async\" class=\"shape-1\" src=\"https:\/\/neuerasolutions.com\/wp-content\/themes\/technix\/assets\/img\/cta\/home-3\/shape-3.png\" alt=\"\">\r\n                     <div\r\n                        class=\"tp-cta-4-mail d-flex flex-wrap justify-content-center justify-content-xl-start align-items-center\">\r\n                                                                                                        <img decoding=\"async\" src=\"https:\/\/wp.storebuild.shop\/technix\/wp-content\/uploads\/2023\/06\/conversation.png\"\r\n                                        alt=\"\">\r\n                                                                            \r\n\r\n                                                                    <a href=\"mailto:info@neuerasolutions.com\">Kontaktieren Sie uns unter  <span>info@neuerasolutions.com<\/span><\/a>\r\n                                                        \r\n                     <\/div>\r\n                  <\/div>\r\n               <\/div>\r\n               <div class=\"col-xl-6\">\r\n                  <div class=\"tp-cta-4-wrapper-right\">\r\n                     <div class=\"tp-cta-4-headphone d-flex flex-wrap justify-content-center\">\r\n                        <div class=\"tp-cta-4-headphone-thumb\">\r\n                                                                                                <img decoding=\"async\" src=\"https:\/\/wp.storebuild.shop\/technix\/wp-content\/uploads\/2023\/06\/headphone.png\"\r\n                                        alt=\"\">\r\n                                                                            \r\n                        <\/div>\r\n                                                <div class=\"tp-cta-4-content\">\r\n                           <p>DIE PERFEKTE L\u00d6SUNG VON <span>UNSEREN EXPERTEN<\/span>\n<\/p>\r\n                           <a href=\"tel:&lt;div class=&quot;contact-numbers&quot;&gt;    &lt;div class=&quot;contact-item&quot;&gt;     &lt;a href=&quot;tel: 491605139743&quot;&gt;       &lt;i class=&quot;fas fa-phone&quot;&gt;&lt;\/i&gt;  49 160 5139743     &lt;\/a&gt;     &lt;a href=&quot;https:\/\/wa.me\/491605139743&quot; target=&quot;_blank&quot;&gt;       &lt;i class=&quot;fab fa-whatsapp&quot;&gt;&lt;\/i&gt; WhatsApp     &lt;\/a&gt;   &lt;\/div&gt;    &lt;div class=&quot;contact-item&quot;&gt;     &lt;a href=&quot;tel: 201003925188&quot;&gt;       &lt;i class=&quot;fas fa-phone&quot;&gt;&lt;\/i&gt;  20 100 3925188     &lt;\/a&gt;     &lt;a href=&quot;https:\/\/wa.me\/201003925188&quot; target=&quot;_blank&quot;&gt;       &lt;i class=&quot;fab fa-whatsapp&quot;&gt;&lt;\/i&gt; WhatsApp     &lt;\/a&gt;   &lt;\/div&gt;    &lt;div class=&quot;contact-item&quot;&gt;     &lt;a href=&quot;tel: 20237417488&quot;&gt;       &lt;i class=&quot;fas fa-phone&quot;&gt;&lt;\/i&gt;  202 37417488     &lt;\/a&gt;   &lt;\/div&gt;  &lt;\/div&gt;\"><div class=\"contact-numbers\">    <div class=\"contact-item\">     <a href=\"tel: 491605139743\">       <i class=\"fas fa-phone\"><\/i> +49 160 5139743     <\/a>     <a href=\"https:\/\/wa.me\/491605139743\" target=\"_blank\">       <i class=\"fab fa-whatsapp\"><\/i> WhatsApp     <\/a>   <\/div>    <div class=\"contact-item\">     <a href=\"tel: 201003925188\">       <i class=\"fas fa-phone\"><\/i> +20 100 3925188     <\/a>     <a href=\"https:\/\/wa.me\/201003925188\" target=\"_blank\">       <i class=\"fab fa-whatsapp\"><\/i> WhatsApp     <\/a>   <\/div>    <div class=\"contact-item\">     <a href=\"tel: 20237417488\">       <i class=\"fas fa-phone\"><\/i> +202 37417488     <\/a>   <\/div>  <\/div><\/a>\r\n                        <\/div>\r\n                                             <\/div>\r\n                  <\/div>\r\n               <\/div>\r\n            <\/div>\r\n         <\/div>\r\n      <\/div>\r\n\r\n\t\t\t\t<\/div>\n\t\t\t\t<\/div>\n\t\t\t\t\t<\/div>\n\t\t<\/div>\n\t\t\t\t\t<\/div>\n\t\t<\/section>\n\t\t\t\t<section class=\"elementor-section elementor-top-section elementor-element elementor-element-90f296a elementor-section-full_width elementor-section-height-default elementor-section-height-default\" data-id=\"90f296a\" data-element_type=\"section\" data-e-type=\"section\">\n\t\t\t\t\t\t<div class=\"elementor-container elementor-column-gap-no\">\n\t\t\t\t\t<div class=\"elementor-column elementor-col-100 elementor-top-column elementor-element elementor-element-19cbfc8\" data-id=\"19cbfc8\" data-element_type=\"column\" data-e-type=\"column\">\n\t\t\t<div class=\"elementor-widget-wrap\">\n\t\t\t\t\t\t\t<\/div>\n\t\t<\/div>\n\t\t\t\t\t<\/div>\n\t\t<\/section>\n\t\t\t\t<\/div>","protected":false},"excerpt":{"rendered":"<p>Ahmed Khaled Operations Manager \/ Egypt Egypt \/Age : years Operations Manager Ahmed Khaled is a highly accomplished Operations Manager with extensive experience leading large teams, optimizing performance, and driving operational excellence . Known for his strategic mindset, strong leadership presence, and data-driven decision-making \u2014 he consistently delivers measurable improvements across service quality, efficiency, and [&hellip;]<\/p>","protected":false},"author":1,"featured_media":0,"parent":765,"menu_order":0,"comment_status":"closed","ping_status":"closed","template":"elementor_header_footer","meta":{"_monsterinsights_skip_tracking":false,"_monsterinsights_sitenote_active":false,"_monsterinsights_sitenote_note":"","_monsterinsights_sitenote_category":0,"footnotes":""},"class_list":["post-1494","page","type-page","status-publish","hentry"],"aioseo_notices":[],"_hostinger_reach_plugin_has_subscription_block":false,"_hostinger_reach_plugin_is_elementor":false,"_links":{"self":[{"href":"https:\/\/neuerasolutions.com\/de\/wp-json\/wp\/v2\/pages\/1494","targetHints":{"allow":["GET"]}}],"collection":[{"href":"https:\/\/neuerasolutions.com\/de\/wp-json\/wp\/v2\/pages"}],"about":[{"href":"https:\/\/neuerasolutions.com\/de\/wp-json\/wp\/v2\/types\/page"}],"author":[{"embeddable":true,"href":"https:\/\/neuerasolutions.com\/de\/wp-json\/wp\/v2\/users\/1"}],"replies":[{"embeddable":true,"href":"https:\/\/neuerasolutions.com\/de\/wp-json\/wp\/v2\/comments?post=1494"}],"version-history":[{"count":30,"href":"https:\/\/neuerasolutions.com\/de\/wp-json\/wp\/v2\/pages\/1494\/revisions"}],"predecessor-version":[{"id":1956,"href":"https:\/\/neuerasolutions.com\/de\/wp-json\/wp\/v2\/pages\/1494\/revisions\/1956"}],"up":[{"embeddable":true,"href":"https:\/\/neuerasolutions.com\/de\/wp-json\/wp\/v2\/pages\/765"}],"wp:attachment":[{"href":"https:\/\/neuerasolutions.com\/de\/wp-json\/wp\/v2\/media?parent=1494"}],"curies":[{"name":"wp","href":"https:\/\/api.w.org\/{rel}","templated":true}]}}